{"id":37,"date":"2017-08-25T06:01:22","date_gmt":"2017-08-25T06:01:22","guid":{"rendered":"http:\/\/gaertner-andreas.de\/?page_id=37"},"modified":"2025-09-30T11:57:10","modified_gmt":"2025-09-30T11:57:10","slug":"welcome","status":"publish","type":"page","link":"https:\/\/rundummich.gaertner-andreas.de\/","title":{"rendered":"Willkommen"},"content":{"rendered":"<p>Hallo und herzlich willkommen auf meiner kleinen Homepage<\/p>\n<p>&#8222;Rundum ich&#8220; oder auch &#8222;Rund um mich&#8220;<\/p>\n<h5>Wo komme ich her ?<\/h5>\n<p>W\u00e4hrend die Amerikaner auf dem Mond landeten, habe ich mich f\u00fcr eine deutlich gem\u00fctlichere Landung entschieden \u2013 in Saarbr\u00fccken, ganz ohne Raumanzug und Funkkontakt zu Houston. Die Erde war einfach n\u00e4her, und das Saarland hatte damals schon mehr B\u00e4ume als Krater.<\/p>\n<p>Meine Eltern hatten irgendwann genug von der Hauptstadt und zogen aufs Land \u2013 vermutlich, weil K\u00fche weniger hupen als Autos. Nach einem kleinen Zwischenstopp in der Mitte des Saarlands bin ich inzwischen wieder im Norden gelandet. Offenbar bin ich ein echter Saarland-Bumerang.<\/p>\n<p>Geboren an einem Sonntag \u2013 das soll ja Gl\u00fcck bringen. Beim Lottospielen hat sich das Gl\u00fcck allerdings bisher eher als Zuschauer gezeigt. Vielleicht war\u2019s ein Montag im Kalender, der sich als Sonntag verkleidet hat \u2026 wer wei\u00df?<\/p>\n","protected":false},"excerpt":{"rendered":"<p>Hallo und herzlich willkommen auf meiner kleinen Homepage &#8222;Rundum ich&#8220; oder auch &#8222;Rund um mich&#8220; Wo komme ich her ? W\u00e4hrend die Amerikaner auf dem Mond landeten, habe ich mich f\u00fcr eine deutlich gem\u00fctlichere Landung entschieden \u2013 in Saarbr\u00fccken, ganz ohne Raumanzug und Funkkontakt zu Houston. Die Erde war einfach n\u00e4her, und das Saarland hatte &hellip; <\/p>\n<p class=\"link-more\"><a href=\"https:\/\/rundummich.gaertner-andreas.de\/\" class=\"more-link\"><span class=\"screen-reader-text\">\u201eWillkommen\u201c<\/span> weiterlesen<\/a><\/p>\n","protected":false},"author":2,"featured_media":0,"parent":0,"menu_order":0,"comment_status":"closed","ping_status":"closed","template":"","meta":{"footnotes":""},"class_list":["post-37","page","type-page","status-publish","hentry"],"_links":{"self":[{"href":"https:\/\/rundummich.gaertner-andreas.de\/index.php?rest_route=\/wp\/v2\/pages\/37","targetHints":{"allow":["GET"]}}],"collection":[{"href":"https:\/\/rundummich.gaertner-andreas.de\/index.php?rest_route=\/wp\/v2\/pages"}],"about":[{"href":"https:\/\/rundummich.gaertner-andreas.de\/index.php?rest_route=\/wp\/v2\/types\/page"}],"author":[{"embeddable":true,"href":"https:\/\/rundummich.gaertner-andreas.de\/index.php?rest_route=\/wp\/v2\/users\/2"}],"replies":[{"embeddable":true,"href":"https:\/\/rundummich.gaertner-andreas.de\/index.php?rest_route=%2Fwp%2Fv2%2Fcomments&post=37"}],"version-history":[{"count":30,"href":"https:\/\/rundummich.gaertner-andreas.de\/index.php?rest_route=\/wp\/v2\/pages\/37\/revisions"}],"predecessor-version":[{"id":506,"href":"https:\/\/rundummich.gaertner-andreas.de\/index.php?rest_route=\/wp\/v2\/pages\/37\/revisions\/506"}],"wp:attachment":[{"href":"https:\/\/rundummich.gaertner-andreas.de\/index.php?rest_route=%2Fwp%2Fv2%2Fmedia&parent=37"}],"curies":[{"name":"wp","href":"https:\/\/api.w.org\/{rel}","templated":true}]}}